{"id":53107,"date":"2019-12-09T13:53:44","date_gmt":"2019-12-09T12:53:44","guid":{"rendered":"https:\/\/www.in-ov.tech\/pasteurisateur-chauffeur-refroidisseur\/"},"modified":"2022-08-17T15:16:49","modified_gmt":"2022-08-17T13:16:49","slug":"pasteurisateur-chauffeur-refroidisseur","status":"publish","type":"page","link":"https:\/\/www.in-ov.tech\/fr\/equipements\/pasteurisateur-chauffeur-refroidisseur\/","title":{"rendered":"Pasteurisateur &#8211; Echangeur rechauffeur \/ refroidisseur"},"content":{"rendered":"<p>[vc_row full_width=\u00a0\u00bbstretch_row\u00a0\u00bb equal_height=\u00a0\u00bbyes\u00a0\u00bb][vc_column offset=\u00a0\u00bbvc_col-xs-12&Prime;][vc_row_inner equal_height=\u00a0\u00bbyes\u00a0\u00bb content_placement=\u00a0\u00bbmiddle\u00a0\u00bb gap=\u00a0\u00bb30&Prime; css=\u00a0\u00bb.vc_custom_1620129955853{padding-right: 25px !important;padding-left: 25px !important;}\u00a0\u00bb][vc_column_inner width=\u00a0\u00bb1\/3&Prime; css=\u00a0\u00bb.vc_custom_1642084311654{border-top-width: 2px !important;border-right-width: 2px !important;border-bottom-width: 2px !important;border-left-width: 2px !important;padding-top: 170px !important;padding-right: 10% !important;padding-bottom: 170px !important;padding-left: 10% !important;background-image: url(https:\/\/www.in-ov.tech\/wp-content\/uploads\/2022\/01\/Pasteurizer-2.jpg?id=52545) !important;background-position: center !important;background-repeat: no-repeat !important;background-size: cover !important;border-left-style: outset !important;border-right-style: outset !important;border-top-style: outset !important;border-bottom-style: outset !important;border-radius: 5px !important;}\u00a0\u00bb offset=\u00a0\u00bbvc_col-xs-12&Prime;][\/vc_column_inner][vc_column_inner width=\u00a0\u00bb2\/3&Prime; css=\u00a0\u00bb.vc_custom_1620130626539{padding-top: 15% !important;padding-right: 10% !important;padding-bottom: 15% !important;padding-left: 10% !important;background-color: #d8b280 !important;}\u00a0\u00bb offset=\u00a0\u00bbvc_col-xs-12&Prime;]<div id=\"ultimate-heading-249069f1ddeb9539d\" class=\"uvc-heading ult-adjust-bottom-margin ultimate-heading-249069f1ddeb9539d uvc-9721 \" data-hspacer=\"no_spacer\"  data-halign=\"left\" style=\"text-align:left\"><div class=\"uvc-heading-spacer no_spacer\" style=\"top\"><\/div><div class=\"uvc-main-heading ult-responsive\"  data-ultimate-target='.uvc-heading.ultimate-heading-249069f1ddeb9539d h2'  data-responsive-json-new='{\"font-size\":\"desktop:50px;mobile_landscape:35px;mobile:35px;\",\"line-height\":\"desktop:40px;\"}' ><h2 style=\"font-weight:bold;color:#ffffff;margin-bottom:20px;\">Pourquoi choisir nos pasteurisateurs et \u00e9changeurs<\/h2><\/div><div class=\"uvc-sub-heading ult-responsive\"  data-ultimate-target='.uvc-heading.ultimate-heading-249069f1ddeb9539d .uvc-sub-heading '  data-responsive-json-new='{\"font-size\":\"\",\"line-height\":\"\"}'  style=\"font-weight:normal;color:rgba(255,255,255,0.7);\"><\/p>\n<ul>\n<li><span style=\"color: #ffffff;\">Fran\u00e7ois Quenard a pass\u00e9 30 ans \u00e0 dimensionner des pasteurisateurs et des \u00e9changeurs pour plus de 50 produits, optimisant le d\u00e9bit et la surface pour r\u00e9duire l&rsquo;encrassement et pr\u00e9server les propri\u00e9t\u00e9s fonctionnelles des produits : nous choisirons la meilleure solution pour votre cas !<\/span><\/li>\n<li><span style=\"color: #ffffff;\">Type d&rsquo;\u00e9quipements : Pasteurisateurs tubulaires, pasteurisateurs \u00e0 plaques, st\u00e9rilisateurs UHT Tube in tube, Ultra-pasteurisateurs, \u00e9changeurs rechauffeur et refroidisseur avec technologies \u00e0 plaques et tubulaires.<\/span><\/li>\n<li><span style=\"color: #ffffff;\">PRODUITS = Lait et produits laitiers, jus de fruits, pur\u00e9es de fruits, \u0153ufs liquides, miel, cr\u00e8mes&#8230;<\/span><\/li>\n<\/ul>\n<p><\/div><\/div>[\/vc_column_inner][\/vc_row_inner][vc_row_inner equal_height=\u00a0\u00bbyes\u00a0\u00bb content_placement=\u00a0\u00bbmiddle\u00a0\u00bb gap=\u00a0\u00bb30&Prime; css=\u00a0\u00bb.vc_custom_1575377532487{padding-right: 25px !important;padding-left: 25px !important;}\u00a0\u00bb el_class=\u00a0\u00bbphone-reverse-col\u00a0\u00bb][vc_column_inner width=\u00a0\u00bb1\/3&Prime; css=\u00a0\u00bb.vc_custom_1612126007354{padding-top: 15% !important;padding-right: 10% !important;padding-bottom: 15% !important;padding-left: 10% !important;background-color: #d8b280 !important;}\u00a0\u00bb]<div id=\"ultimate-heading-790369f1ddeb9547b\" class=\"uvc-heading ult-adjust-bottom-margin ultimate-heading-790369f1ddeb9547b uvc-3398 \" data-hspacer=\"no_spacer\"  data-halign=\"left\" style=\"text-align:left\"><div class=\"uvc-heading-spacer no_spacer\" style=\"top\"><\/div><div class=\"uvc-main-heading ult-responsive\"  data-ultimate-target='.uvc-heading.ultimate-heading-790369f1ddeb9547b h2'  data-responsive-json-new='{\"font-size\":\"desktop:45px;mobile_landscape:35px;mobile:35px;\",\"line-height\":\"desktop:60px;\"}' ><h2 style=\"font-weight:bold;color:#ffffff;margin-bottom:20px;\">AVANTAGES<\/h2><\/div><div class=\"uvc-sub-heading ult-responsive\"  data-ultimate-target='.uvc-heading.ultimate-heading-790369f1ddeb9547b .uvc-sub-heading '  data-responsive-json-new='{\"font-size\":\"\",\"line-height\":\"\"}'  style=\"font-weight:normal;color:rgba(255,255,255,0.7);\"><\/p>\n<ul>\n<li><span style=\"color: #ffffff;\">Frais d&rsquo;exploitation r\u00e9duits : cycles de production plus longs entre deux nettoyages, moins de pertes dans rin\u00e7ages.<\/span><\/li>\n<li><span style=\"color: #ffffff;\">R\u00e9duction du co\u00fbt d&rsquo;investissement : choix du meilleur \u00e9changeur pour votre usage, pour un co\u00fbt moindre et une meilleure performance.<\/span><\/li>\n<li><span style=\"color: #ffffff;\">Meilleure microbiologie : dur\u00e9e de vie prolong\u00e9e gr\u00e2ce \u00e0 la conception aseptique et au NEP parfait.<\/span><\/li>\n<li><span style=\"color: #ffffff;\">Meilleures propri\u00e9t\u00e9s fonctionnelles : l&rsquo;optimisation des conditions d&rsquo;\u00e9coulement et de chauffage permet de r\u00e9duire l&rsquo;encrassement et la coagulation du produit, afin de pr\u00e9server toutes les fonctions de votre produit.<\/span><\/li>\n<li><span style=\"color: #ffffff;\">Expertise en mati\u00e8re de conception, de d\u00e9marrage et d&rsquo;exploitation, afin d&rsquo;optimiser votre exp\u00e9rience.<\/span><\/li>\n<\/ul>\n<p><\/div><\/div>[\/vc_column_inner][vc_column_inner width=\u00a0\u00bb2\/3&Prime; css=\u00a0\u00bb.vc_custom_1642084425453{border-top-width: 2px !important;border-right-width: 2px !important;border-bottom-width: 2px !important;border-left-width: 2px !important;padding-top: 170px !important;padding-right: 10% !important;padding-bottom: 170px !important;padding-left: 10% !important;background-image: url(https:\/\/www.in-ov.tech\/wp-content\/uploads\/2022\/01\/Pasteurizer-3-scaled.jpg?id=52546) !important;background-position: center !important;background-repeat: no-repeat !important;background-size: cover !important;border-left-style: outset !important;border-right-style: outset !important;border-top-style: outset !important;border-bottom-style: outset !important;border-radius: 5px !important;}\u00a0\u00bb offset=\u00a0\u00bbvc_col-xs-12&Prime;][\/vc_column_inner][\/vc_row_inner][vc_row_inner equal_height=\u00a0\u00bbyes\u00a0\u00bb content_placement=\u00a0\u00bbmiddle\u00a0\u00bb gap=\u00a0\u00bb30&Prime; css=\u00a0\u00bb.vc_custom_1620129955853{padding-right: 25px !important;padding-left: 25px !important;}\u00a0\u00bb][vc_column_inner width=\u00a0\u00bb2\/3&Prime; css=\u00a0\u00bb.vc_custom_1642084471053{border-top-width: 2px !important;border-right-width: 2px !important;border-bottom-width: 2px !important;border-left-width: 2px !important;padding-top: 170px !important;padding-right: 10% !important;padding-bottom: 170px !important;padding-left: 10% !important;background-image: url(https:\/\/www.in-ov.tech\/wp-content\/uploads\/2022\/01\/Pasteurizer-4.jpg?id=52547) !important;background-position: center !important;background-repeat: no-repeat !important;background-size: cover !important;border-left-style: outset !important;border-right-style: outset !important;border-top-style: outset !important;border-bottom-style: outset !important;border-radius: 5px !important;}\u00a0\u00bb offset=\u00a0\u00bbvc_col-xs-12&Prime;][\/vc_column_inner][vc_column_inner width=\u00a0\u00bb1\/3&Prime; css=\u00a0\u00bb.vc_custom_1620130626539{padding-top: 15% !important;padding-right: 10% !important;padding-bottom: 15% !important;padding-left: 10% !important;background-color: #d8b280 !important;}\u00a0\u00bb offset=\u00a0\u00bbvc_col-xs-12&Prime;]<div id=\"ultimate-heading-489469f1ddeb95520\" class=\"uvc-heading ult-adjust-bottom-margin ultimate-heading-489469f1ddeb95520 uvc-2231 \" data-hspacer=\"no_spacer\"  data-halign=\"left\" style=\"text-align:left\"><div class=\"uvc-heading-spacer no_spacer\" style=\"top\"><\/div><div class=\"uvc-main-heading ult-responsive\"  data-ultimate-target='.uvc-heading.ultimate-heading-489469f1ddeb95520 h2'  data-responsive-json-new='{\"font-size\":\"desktop:50px;mobile_landscape:35px;mobile:35px;\",\"line-height\":\"desktop:60px;\"}' ><h2 style=\"font-weight:bold;color:#ffffff;margin-bottom:20px;\">SP\u00c9CIFICATION<\/h2><\/div><div class=\"uvc-sub-heading ult-responsive\"  data-ultimate-target='.uvc-heading.ultimate-heading-489469f1ddeb95520 .uvc-sub-heading '  data-responsive-json-new='{\"font-size\":\"\",\"line-height\":\"\"}'  style=\"font-weight:normal;color:rgba(255,255,255,0.7);\"><\/p>\n<ul>\n<li><span style=\"color: #ffffff;\">Large gamme de capacit\u00e9s : 500 &#8211; 1000 &#8211; 3000 &#8211; 6000 &#8211; 10&rsquo;000 kg\/h, et autres sur demande.<\/span><\/li>\n<li><span style=\"color: #ffffff;\">Assainissement possible avec de l&rsquo;eau chaude \u00e0 121\u00b0C avant la production, pour commencer avec une machine st\u00e9rile.<\/span><\/li>\n<li><span style=\"color: #ffffff;\">Avec homog\u00e9n\u00e9isateur, d\u00e9sa\u00e9rateur, PLC, CIP, selon vos besoins.<\/span><\/li>\n<li><span style=\"color: #ffffff;\">Conception compacte, pour un encombrement moindre<\/span><\/li>\n<li><span style=\"color: #ffffff;\">L&rsquo;\u00e9nergie de chauffage peut \u00eatre de la vapeur, de l&rsquo;eau chaude ou de l&rsquo;\u00e9lectricit\u00e9.<\/span><\/li>\n<\/ul>\n<p><\/div><\/div>[\/vc_column_inner][\/vc_row_inner][\/vc_column][\/vc_row][vc_row][vc_column][vc_column_text]<\/p>\n<p>[\/vc_column_text][\/vc_column][\/vc_row][vc_row full_width=\u00a0\u00bbstretch_row\u00a0\u00bb css=\u00a0\u00bb.vc_custom_1614769689401{padding-top: 80px !important;padding-bottom: 85px !important;background-color: #1a1c20 !important;}\u00a0\u00bb][vc_column offset=\u00a0\u00bbvc_col-lg-offset-2 vc_col-lg-8 vc_col-md-offset-2 vc_col-md-8 vc_col-sm-offset-0 vc_col-xs-12&Prime;]<div id=\"ultimate-heading-377469f1ddeb955a4\" class=\"uvc-heading ult-adjust-bottom-margin ultimate-heading-377469f1ddeb955a4 uvc-7808  uvc-heading-default-font-sizes\" data-hspacer=\"no_spacer\"  data-halign=\"center\" style=\"text-align:center\"><div class=\"uvc-heading-spacer no_spacer\" style=\"top\"><\/div><div class=\"uvc-main-heading ult-responsive\"  data-ultimate-target='.uvc-heading.ultimate-heading-377469f1ddeb955a4 h2'  data-responsive-json-new='{\"font-size\":\"\",\"line-height\":\"\"}' ><h2 style=\"font-weight:bold;color:#ffffff;margin-bottom:15px;\">Laissez-nous am\u00e9liorer votre entreprise !<\/h2><\/div><\/div><style type=\"text\/css\" data-type=\"the7_shortcodes-inline-css\">#default-btn-c381afb18e9a5e5baa24a45ad572b6d3 {\n  border-radius: 100px;\n  font-size: 16px;\n  line-height: 18px;\n}\n.btn-shadow#default-btn-c381afb18e9a5e5baa24a45ad572b6d3 {\n  box-shadow: 0 1px 6px rgba(0,0,0,0.12);\n  transition: box-shadow 0.2s ease-out, opacity 0.45s;\n}\n.btn-shadow#default-btn-c381afb18e9a5e5baa24a45ad572b6d3:hover {\n  box-shadow: 0 5px 11px 0 rgba(0,0,0,0.18), 0 4px 15px 0 rgba(0,0,0,0.15);\n}\n.btn-3d#default-btn-c381afb18e9a5e5baa24a45ad572b6d3 {\n  box-shadow: 0px 2px 0px 0px #b39368;\n}\n.btn-3d#default-btn-c381afb18e9a5e5baa24a45ad572b6d3:hover {\n  box-shadow: 0px 2px 0px 0px rgba(224,224,224,0.05);\n}\n.btn-flat#default-btn-c381afb18e9a5e5baa24a45ad572b6d3 {\n  box-shadow: none;\n}\n.btn-flat#default-btn-c381afb18e9a5e5baa24a45ad572b6d3:hover {\n  box-shadow: none;\n}\n#default-btn-c381afb18e9a5e5baa24a45ad572b6d3.ico-right-side > i {\n  margin-right: 0px;\n  margin-left: 8px;\n}\n#default-btn-c381afb18e9a5e5baa24a45ad572b6d3 > i {\n  margin-right: 8px;\n  font-size: 16px;\n}\n#default-btn-c381afb18e9a5e5baa24a45ad572b6d3:not(:hover) {\n  border-width: 3px;\n  border-color: rgba(255,255,255,0.3) !important;\n  color: #ffffff;\n  background: #d8b280 !important;\n  padding: 16px 10px 16px 10px;\n}\n#default-btn-c381afb18e9a5e5baa24a45ad572b6d3:not(:hover) * {\n  color: #ffffff;\n}\n#default-btn-c381afb18e9a5e5baa24a45ad572b6d3:hover {\n  border-width: 3px;\n  border-color: rgba(255,255,255,0.45) !important;\n  color: #ffffff;\n  background: rgba(255,255,255,0.05) !important;\n  padding: 16px 10px 16px 10px;\n}\n#default-btn-c381afb18e9a5e5baa24a45ad572b6d3:hover * {\n  color: #ffffff;\n}\n#default-btn-c381afb18e9a5e5baa24a45ad572b6d3.ico-right-side > i {\n  margin-right: 0px;\n  margin-left: 8px;\n}\n#default-btn-c381afb18e9a5e5baa24a45ad572b6d3 > i {\n  margin-right: 8px;\n}\n<\/style><div class=\"btn-align-center\"><a href=\"https:\/\/www.in-ov.tech\/index.php\/contact\/\" class=\"default-btn-shortcode dt-btn link-hover-off ico-right-side btn-flat  vc_custom_1614769801550\" id=\"default-btn-c381afb18e9a5e5baa24a45ad572b6d3\" style=\"width:240px;\" title=\"Contact\"><span>Contact us today<\/span><i class=\"icomoon-the7-font-the7-arrow-09\"><\/i><\/a><\/div>[\/vc_column][\/vc_row]<\/p>\n","protected":false},"excerpt":{"rendered":"<p>[vc_row full_width=\u00a0\u00bbstretch_row\u00a0\u00bb equal_height=\u00a0\u00bbyes\u00a0\u00bb][vc_column offset=\u00a0\u00bbvc_col-xs-12&Prime;][vc_row_inner equal_height=\u00a0\u00bbyes\u00a0\u00bb content_placement=\u00a0\u00bbmiddle\u00a0\u00bb gap=\u00a0\u00bb30&Prime; css=\u00a0\u00bb.vc_custom_1620129955853{padding-right: 25px !important;padding-left: 25px !important;}\u00a0\u00bb][vc_column_inner width=\u00a0\u00bb1\/3&Prime; css=\u00a0\u00bb.vc_custom_1642084311654{border-top-width: 2px !important;border-right-width: 2px !important;border-bottom-width: 2px !important;border-left-width: 2px !important;padding-top: 170px !important;padding-right: 10% !important;padding-bottom: 170px !important;padding-left: 10% !important;background-image: url(https:\/\/www.in-ov.tech\/wp-content\/uploads\/2022\/01\/Pasteurizer-2.jpg?id=52545) !important;background-position: center !important;background-repeat: no-repeat !important;background-size: cover !important;border-left-style: outset !important;border-right-style: outset !important;border-top-style: outset !important;border-bottom-style: outset !important;border-radius: 5px !important;}\u00a0\u00bb offset=\u00a0\u00bbvc_col-xs-12&Prime;][\/vc_column_inner][vc_column_inner width=\u00a0\u00bb2\/3&Prime; css=\u00a0\u00bb.vc_custom_1620130626539{padding-top: 15% !important;padding-right: 10% !important;padding-bottom:&hellip;<\/p>\n","protected":false},"author":2,"featured_media":0,"parent":53272,"menu_order":60,"comment_status":"closed","ping_status":"closed","template":"","meta":{"_monsterinsights_skip_tracking":false,"_monsterinsights_sitenote_active":false,"_monsterinsights_sitenote_note":"","_monsterinsights_sitenote_category":0},"_links":{"self":[{"href":"https:\/\/www.in-ov.tech\/fr\/wp-json\/wp\/v2\/pages\/53107"}],"collection":[{"href":"https:\/\/www.in-ov.tech\/fr\/wp-json\/wp\/v2\/pages"}],"about":[{"href":"https:\/\/www.in-ov.tech\/fr\/wp-json\/wp\/v2\/types\/page"}],"author":[{"embeddable":true,"href":"https:\/\/www.in-ov.tech\/fr\/wp-json\/wp\/v2\/users\/2"}],"replies":[{"embeddable":true,"href":"https:\/\/www.in-ov.tech\/fr\/wp-json\/wp\/v2\/comments?post=53107"}],"version-history":[{"count":12,"href":"https:\/\/www.in-ov.tech\/fr\/wp-json\/wp\/v2\/pages\/53107\/revisions"}],"predecessor-version":[{"id":53361,"href":"https:\/\/www.in-ov.tech\/fr\/wp-json\/wp\/v2\/pages\/53107\/revisions\/53361"}],"up":[{"embeddable":true,"href":"https:\/\/www.in-ov.tech\/fr\/wp-json\/wp\/v2\/pages\/53272"}],"wp:attachment":[{"href":"https:\/\/www.in-ov.tech\/fr\/wp-json\/wp\/v2\/media?parent=53107"}],"curies":[{"name":"wp","href":"https:\/\/api.w.org\/{rel}","templated":true}]}}